{"id":8546,"date":"2024-02-16T13:44:36","date_gmt":"2024-02-16T16:44:36","guid":{"rendered":"https:\/\/smartiersoftware.com\/testing\/?page_id=8546"},"modified":"2026-02-04T15:02:17","modified_gmt":"2026-02-04T18:02:17","slug":"cancelar-suscripcion","status":"publish","type":"page","link":"https:\/\/smartiersoftware.com\/testing\/cancelar-suscripcion\/","title":{"rendered":"cancelar suscripcion"},"content":{"rendered":"\t\t<div data-elementor-type=\"wp-page\" data-elementor-id=\"8546\" class=\"elementor elementor-8546\" data-elementor-post-type=\"page\">\n\t\t\t\t\t\t<section class=\"elementor-section elementor-top-section elementor-element elementor-element-77ffa5f elementor-section-boxed elementor-section-height-default elementor-section-height-default\" data-id=\"77ffa5f\" data-element_type=\"section\" data-e-type=\"section\">\n\t\t\t\t\t\t<div class=\"elementor-container elementor-column-gap-default\">\n\t\t\t\t\t<div class=\"elementor-column elementor-col-100 elementor-top-column elementor-element elementor-element-9cb0ad6\" data-id=\"9cb0ad6\" data-element_type=\"column\" data-e-type=\"column\">\n\t\t\t<div class=\"elementor-widget-wrap elementor-element-populated\">\n\t\t\t\t\t\t<div class=\"elementor-element elementor-element-36da886 elementor-widget elementor-widget-heading\" data-id=\"36da886\" data-element_type=\"widget\" data-e-type=\"widget\" data-widget_type=\"heading.default\">\n\t\t\t\t<div class=\"elementor-widget-container\">\n\t\t\t\t\t<h2 class=\"elementor-heading-title elementor-size-default\">Cancela tu suscripci\u00f3n<\/h2>\t\t\t\t<\/div>\n\t\t\t\t<\/div>\n\t\t\t\t<div class=\"elementor-element elementor-element-44bbfce elementor-widget-divider--view-line elementor-widget elementor-widget-divider\" data-id=\"44bbfce\" data-element_type=\"widget\" data-e-type=\"widget\" data-widget_type=\"divider.default\">\n\t\t\t\t<div class=\"elementor-widget-container\">\n\t\t\t\t\t\t\t<div class=\"elementor-divider\">\n\t\t\t<span class=\"elementor-divider-separator\">\n\t\t\t\t\t\t<\/span>\n\t\t<\/div>\n\t\t\t\t\t\t<\/div>\n\t\t\t\t<\/div>\n\t\t\t\t<div class=\"elementor-element elementor-element-6cf4442 elementor-widget elementor-widget-text-editor\" data-id=\"6cf4442\" data-element_type=\"widget\" data-e-type=\"widget\" data-widget_type=\"text-editor.default\">\n\t\t\t\t<div class=\"elementor-widget-container\">\n\t\t\t\t\t\t\t\t\t<p>Rellena esta encuesta de satisfacci\u00f3n para darte de baja de Smartier Software<\/p>\t\t\t\t\t\t\t\t<\/div>\n\t\t\t\t<\/div>\n\t\t\t\t\t<\/div>\n\t\t<\/div>\n\t\t\t\t\t<\/div>\n\t\t<\/section>\n\t\t<div class=\"elementor-element elementor-element-74b4b91 e-flex e-con-boxed e-con e-parent\" data-id=\"74b4b91\" data-element_type=\"container\" data-e-type=\"container\">\n\t\t\t\t\t<div class=\"e-con-inner\">\n\t\t\t\t<div class=\"elementor-element elementor-element-9ba1ee1 fluent-form-widget-step-header-yes fluent-form-widget-step-progressbar-yes fluentform-widget-submit-button-custom elementor-widget elementor-widget-fluent-form-widget\" data-id=\"9ba1ee1\" data-element_type=\"widget\" data-e-type=\"widget\" data-widget_type=\"fluent-form-widget.default\">\n\t\t\t\t<div class=\"elementor-widget-container\">\n\t\t\t\t\t\n            <div class=\"fluentform-widget-wrapper fluentform-widget-align-default\">\n\n            \n            <div class='fluentform ff-default fluentform_wrapper_9 ffs_custom_wrap'><form data-form_id=\"9\" id=\"fluentform_9\" class=\"frm-fluent-form fluent_form_9 ff-el-form-top ff_form_instance_9_1 ff-form-loading ffs_custom\" data-form_instance=\"ff_form_instance_9_1\" method=\"POST\" ><fieldset  style=\"border: none!important;margin: 0!important;padding: 0!important;background-color: transparent!important;box-shadow: none!important;outline: none!important; min-inline-size: 100%;\">\n                    <legend class=\"ff_screen_reader_title\" style=\"display: block; margin: 0!important;padding: 0!important;height: 0!important;text-indent: -999999px;width: 0!important;overflow:hidden;\">Encuesta Satisfacci\u00f3n<\/legend><input type='hidden' name='__fluent_form_embded_post_id' value='8546' \/><input type=\"hidden\" id=\"_fluentform_9_fluentformnonce\" name=\"_fluentform_9_fluentformnonce\" value=\"0f76f18088\" \/><input type=\"hidden\" name=\"_wp_http_referer\" value=\"\/testing\/wp-json\/wp\/v2\/pages\/8546\" \/><div class='ff-el-group'><div class=\"ff-el-input--label asterisk-right\"><label for='ff_9_dropdown' id='label_ff_9_dropdown' aria-label=\"\u00bfQu\u00e9 versi\u00f3n de Smartier compraste?\">\u00bfQu\u00e9 versi\u00f3n de Smartier compraste?<\/label><\/div><div class='ff-el-input--content'><select name=\"dropdown\" id=\"ff_9_dropdown\" class=\"ff-el-form-control\" data-name=\"dropdown\" data-calc_value=\"0\" tabindex=\"1\"  aria-invalid=\"false\" aria-required=\"false\" aria-labelledby=\"label_ff_9_dropdown\"><option value=\"\">Selecciona tu versi\u00f3n<\/option><option value=\"Smartier Lite\"  >Smartier Lite<\/option><option value=\"Smartier Pro\"  >Smartier Pro<\/option><option value=\"Smartier Enterprise\"  >Smartier Enterprise<\/option><\/select><\/div><\/div><div class='ff-el-group'><div class=\"ff-el-input--label asterisk-right\"><label for='ff_9_description' id='label_ff_9_description' aria-label=\"\u00bfCu\u00e1l fue la raz\u00f3n principal para dar de baja el producto?\">\u00bfCu\u00e1l fue la raz\u00f3n principal para dar de baja el producto?<\/label><\/div><div class='ff-el-input--content'><textarea aria-required=\"false\" aria-labelledby=\"label_ff_9_description\" name=\"description\" id=\"ff_9_description\" class=\"ff-el-form-control\" rows=\"4\" cols=\"2\" data-name=\"description\" tabindex=\"2\" ><\/textarea><\/div><\/div><div class='ff-el-group'><div class=\"ff-el-input--label asterisk-right\"><label for='ff_9_description_1' id='label_ff_9_description_1' aria-label=\"\u00bfC\u00f3mo podemos mejorar nuestros productos\/servicios?\">\u00bfC\u00f3mo podemos mejorar nuestros productos\/servicios?<\/label><\/div><div class='ff-el-input--content'><textarea aria-required=\"false\" aria-labelledby=\"label_ff_9_description_1\" name=\"description_1\" id=\"ff_9_description_1\" class=\"ff-el-form-control\" rows=\"4\" cols=\"2\" data-name=\"description_1\" tabindex=\"3\" ><\/textarea><\/div><\/div><div class='ff-el-group'><div class=\"ff-el-input--label asterisk-right\"><label   aria-label=\"\u00bfUtilizar\u00eda nuestro producto\/servicio en el futuro si realizamos los cambios deseados?\">\u00bfUtilizar\u00eda nuestro producto\/servicio en el futuro si realizamos los cambios deseados?<\/label><\/div><div class='ff-el-input--content'><div class='ff-el-form-check ff-el-form-check-'><label class='ff-el-form-check-label' for='input_radio_82c0357182f40f2a8e6c50b17b1aa98a'><input  type=\"radio\" name=\"input_radio\" data-name=\"input_radio\" class=\"ff-el-form-check-input ff-el-form-check-radio\" tabindex=\"4\" value=\"Definitivamente\"  id='input_radio_82c0357182f40f2a8e6c50b17b1aa98a' aria-label='Definitivamente' aria-invalid='false' aria-required=false> <span>Definitivamente<\/span><\/label><\/div><div class='ff-el-form-check ff-el-form-check-'><label class='ff-el-form-check-label' for='input_radio_8adebcf2f7446c0e5b9d4e1b398be260'><input  type=\"radio\" name=\"input_radio\" data-name=\"input_radio\" class=\"ff-el-form-check-input ff-el-form-check-radio\" tabindex=\"-1\" value=\"Probablemente\"  id='input_radio_8adebcf2f7446c0e5b9d4e1b398be260' aria-label='Probablemente' aria-invalid='false' aria-required=false> <span>Probablemente<\/span><\/label><\/div><div class='ff-el-form-check ff-el-form-check-'><label class='ff-el-form-check-label' for='input_radio_b2c2bbddc20c8e7da9eadc5eec01fbf1'><input  type=\"radio\" name=\"input_radio\" data-name=\"input_radio\" class=\"ff-el-form-check-input ff-el-form-check-radio\" tabindex=\"-1\" value=\"No estoy seguro\"  id='input_radio_b2c2bbddc20c8e7da9eadc5eec01fbf1' aria-label='No estoy seguro' aria-invalid='false' aria-required=false> <span>No estoy seguro<\/span><\/label><\/div><div class='ff-el-form-check ff-el-form-check-'><label class='ff-el-form-check-label' for='input_radio_c25247887b9cfd6509fab2b6e4001268'><input  type=\"radio\" name=\"input_radio\" data-name=\"input_radio\" class=\"ff-el-form-check-input ff-el-form-check-radio\" tabindex=\"-1\" value=\"Probablemente no\"  id='input_radio_c25247887b9cfd6509fab2b6e4001268' aria-label='Probablemente no' aria-invalid='false' aria-required=false> <span>Probablemente no<\/span><\/label><\/div><\/div><\/div><div class='ff-el-group ff-text-left ff_submit_btn_wrapper'><button type=\"submit\" class=\"ff-btn ff-btn-submit ff-btn-md ff_btn_style\" tabindex=\"5\"  aria-label=\"Cancelar suscripci\u00f3n\">Cancelar suscripci\u00f3n<\/button><\/div><\/fieldset><\/form><div id='fluentform_9_errors' class='ff-errors-in-stack ff_form_instance_9_1 ff-form-loading_errors ff_form_instance_9_1_errors'><\/div><\/div>            <script type=\"text\/javascript\">\n                window.fluent_form_ff_form_instance_9_1 = {\"id\":\"9\",\"settings\":{\"layout\":{\"labelPlacement\":\"top\",\"helpMessagePlacement\":\"with_label\",\"errorMessagePlacement\":\"inline\"},\"restrictions\":{\"denyEmptySubmission\":{\"enabled\":false}}},\"form_instance\":\"ff_form_instance_9_1\",\"form_id_selector\":\"fluentform_9\",\"rules\":{\"dropdown\":{\"required\":{\"value\":false,\"message\":\"Este campo es necesario\",\"global\":true,\"global_message\":\"Este campo es necesario\"}},\"description\":{\"required\":{\"value\":false,\"message\":\"Este campo es necesario\",\"global\":true,\"global_message\":\"Este campo es necesario\"}},\"description_1\":{\"required\":{\"value\":false,\"message\":\"Este campo es necesario\",\"global\":true,\"global_message\":\"Este campo es necesario\"}},\"input_radio\":{\"required\":{\"value\":false,\"message\":\"Este campo es necesario\",\"global\":true,\"global_message\":\"Este campo es necesario\"}}},\"debounce_time\":300};\n                            <\/script>\n                        <\/div>\n\n            \t\t\t\t<\/div>\n\t\t\t\t<\/div>\n\t\t\t\t\t<\/div>\n\t\t\t\t<\/div>\n\t\t\t\t<\/div>\n\t\t","protected":false},"excerpt":{"rendered":"<p>Cancela tu suscripci\u00f3n Rellena esta encuesta de satisfacci\u00f3n para darte de baja de Smartier Software Encuesta Satisfacci\u00f3n \u00bfQu\u00e9 versi\u00f3n de Smartier compraste?Selecciona tu versi\u00f3nSmartier LiteSmartier ProSmartier Enterprise\u00bfCu\u00e1l fue la raz\u00f3n principal para dar de baja el producto?\u00bfC\u00f3mo podemos mejorar nuestros productos\/servicios?\u00bfUtilizar\u00eda nuestro producto\/servicio en el futuro si realizamos los cambios deseados? Definitivamente Probablemente No estoy [&hellip;]<\/p>\n","protected":false},"author":1,"featured_media":0,"parent":0,"menu_order":0,"comment_status":"closed","ping_status":"closed","template":"elementor_header_footer","meta":{"footnotes":""},"class_list":["post-8546","page","type-page","status-publish","hentry"],"yoast_head":"<!-- This site is optimized with the Yoast SEO plugin v27.3 - https:\/\/yoast.com\/product\/yoast-seo-wordpress\/ -->\n<title>cancelar suscripcion | Smartier Software<\/title>\n<meta name=\"robots\" content=\"noindex, follow, max-snippet:-1, max-image-preview:large, max-video-preview:-1\" \/>\n<meta property=\"og:locale\" content=\"es_ES\" \/>\n<meta property=\"og:type\" content=\"article\" \/>\n<meta property=\"og:title\" content=\"cancelar suscripcion | Smartier Software\" \/>\n<meta property=\"og:description\" content=\"Cancela tu suscripci\u00f3n Rellena esta encuesta de satisfacci\u00f3n para darte de baja de Smartier Software Encuesta Satisfacci\u00f3n \u00bfQu\u00e9 versi\u00f3n de Smartier compraste?Selecciona tu versi\u00f3nSmartier LiteSmartier ProSmartier Enterprise\u00bfCu\u00e1l fue la raz\u00f3n principal para dar de baja el producto?\u00bfC\u00f3mo podemos mejorar nuestros productos\/servicios?\u00bfUtilizar\u00eda nuestro producto\/servicio en el futuro si realizamos los cambios deseados? Definitivamente Probablemente No estoy [&hellip;]\" \/>\n<meta property=\"og:url\" content=\"https:\/\/smartiersoftware.com\/testing\/cancelar-suscripcion\/\" \/>\n<meta property=\"og:site_name\" content=\"Smartier Software\" \/>\n<meta property=\"article:publisher\" content=\"https:\/\/www.facebook.com\/smartier.graphics\" \/>\n<meta property=\"article:modified_time\" content=\"2026-02-04T18:02:17+00:00\" \/>\n<meta property=\"og:image\" content=\"https:\/\/smartiersoftware.com\/testing\/wp-content\/uploads\/2024\/04\/Imagen-del-sitio-yoast.jpg\" \/>\n\t<meta property=\"og:image:width\" content=\"1200\" \/>\n\t<meta property=\"og:image:height\" content=\"675\" \/>\n\t<meta property=\"og:image:type\" content=\"image\/jpeg\" \/>\n<meta name=\"twitter:card\" content=\"summary_large_image\" \/>\n<meta name=\"twitter:label1\" content=\"Tiempo de lectura\" \/>\n\t<meta name=\"twitter:data1\" content=\"1 minuto\" \/>\n<script type=\"application\/ld+json\" class=\"yoast-schema-graph\">{\"@context\":\"https:\\\/\\\/schema.org\",\"@graph\":[{\"@type\":\"WebPage\",\"@id\":\"https:\\\/\\\/smartiersoftware.com\\\/testing\\\/cancelar-suscripcion\\\/\",\"url\":\"https:\\\/\\\/smartiersoftware.com\\\/testing\\\/cancelar-suscripcion\\\/\",\"name\":\"cancelar suscripcion | Smartier Software\",\"isPartOf\":{\"@id\":\"https:\\\/\\\/smartiersoftware.com\\\/testing\\\/#website\"},\"datePublished\":\"2024-02-16T16:44:36+00:00\",\"dateModified\":\"2026-02-04T18:02:17+00:00\",\"breadcrumb\":{\"@id\":\"https:\\\/\\\/smartiersoftware.com\\\/testing\\\/cancelar-suscripcion\\\/#breadcrumb\"},\"inLanguage\":\"es\",\"potentialAction\":[{\"@type\":\"ReadAction\",\"target\":[\"https:\\\/\\\/smartiersoftware.com\\\/testing\\\/cancelar-suscripcion\\\/\"]}]},{\"@type\":\"BreadcrumbList\",\"@id\":\"https:\\\/\\\/smartiersoftware.com\\\/testing\\\/cancelar-suscripcion\\\/#breadcrumb\",\"itemListElement\":[{\"@type\":\"ListItem\",\"position\":1,\"name\":\"Portada\",\"item\":\"https:\\\/\\\/smartiersoftware.com\\\/testing\\\/\"},{\"@type\":\"ListItem\",\"position\":2,\"name\":\"cancelar suscripcion\"}]},{\"@type\":\"WebSite\",\"@id\":\"https:\\\/\\\/smartiersoftware.com\\\/testing\\\/#website\",\"url\":\"https:\\\/\\\/smartiersoftware.com\\\/testing\\\/\",\"name\":\"Smartier Software\",\"description\":\"Creado dentro de la industria gr\u00e1fica para estandarizar tu forma de cotizar y producir con cualquier sistema de impresi\u00f3n: impresi\u00f3n digital, gran formato, offset, flexo, serigraf\u00eda y mucho m\u00e1s.\",\"publisher\":{\"@id\":\"https:\\\/\\\/smartiersoftware.com\\\/testing\\\/#organization\"},\"potentialAction\":[{\"@type\":\"SearchAction\",\"target\":{\"@type\":\"EntryPoint\",\"urlTemplate\":\"https:\\\/\\\/smartiersoftware.com\\\/testing\\\/?s={search_term_string}\"},\"query-input\":{\"@type\":\"PropertyValueSpecification\",\"valueRequired\":true,\"valueName\":\"search_term_string\"}}],\"inLanguage\":\"es\"},{\"@type\":\"Organization\",\"@id\":\"https:\\\/\\\/smartiersoftware.com\\\/testing\\\/#organization\",\"name\":\"Smartier Software\",\"url\":\"https:\\\/\\\/smartiersoftware.com\\\/testing\\\/\",\"logo\":{\"@type\":\"ImageObject\",\"inLanguage\":\"es\",\"@id\":\"https:\\\/\\\/smartiersoftware.com\\\/testing\\\/#\\\/schema\\\/logo\\\/image\\\/\",\"url\":\"https:\\\/\\\/smartiersoftware.com\\\/testing\\\/wp-content\\\/uploads\\\/2023\\\/12\\\/Logo-Smartier-en-blanco.svg\",\"contentUrl\":\"https:\\\/\\\/smartiersoftware.com\\\/testing\\\/wp-content\\\/uploads\\\/2023\\\/12\\\/Logo-Smartier-en-blanco.svg\",\"width\":297,\"height\":372,\"caption\":\"Smartier Software\"},\"image\":{\"@id\":\"https:\\\/\\\/smartiersoftware.com\\\/testing\\\/#\\\/schema\\\/logo\\\/image\\\/\"},\"sameAs\":[\"https:\\\/\\\/www.facebook.com\\\/smartier.graphics\",\"https:\\\/\\\/www.instagram.com\\\/smartiergraphics\\\/\",\"https:\\\/\\\/www.youtube.com\\\/@smartiergraphics7522\",\"https:\\\/\\\/www.linkedin.com\\\/showcase\\\/smartier-graphics\\\/\",\"https:\\\/\\\/www.linkedin.com\\\/company\\\/smartier-software\\\/\"]}]}<\/script>\n<!-- \/ Yoast SEO plugin. -->","yoast_head_json":{"title":"cancelar suscripcion | Smartier Software","robots":{"index":"noindex","follow":"follow","max-snippet":"max-snippet:-1","max-image-preview":"max-image-preview:large","max-video-preview":"max-video-preview:-1"},"og_locale":"es_ES","og_type":"article","og_title":"cancelar suscripcion | Smartier Software","og_description":"Cancela tu suscripci\u00f3n Rellena esta encuesta de satisfacci\u00f3n para darte de baja de Smartier Software Encuesta Satisfacci\u00f3n \u00bfQu\u00e9 versi\u00f3n de Smartier compraste?Selecciona tu versi\u00f3nSmartier LiteSmartier ProSmartier Enterprise\u00bfCu\u00e1l fue la raz\u00f3n principal para dar de baja el producto?\u00bfC\u00f3mo podemos mejorar nuestros productos\/servicios?\u00bfUtilizar\u00eda nuestro producto\/servicio en el futuro si realizamos los cambios deseados? Definitivamente Probablemente No estoy [&hellip;]","og_url":"https:\/\/smartiersoftware.com\/testing\/cancelar-suscripcion\/","og_site_name":"Smartier Software","article_publisher":"https:\/\/www.facebook.com\/smartier.graphics","article_modified_time":"2026-02-04T18:02:17+00:00","og_image":[{"width":1200,"height":675,"url":"https:\/\/smartiersoftware.com\/testing\/wp-content\/uploads\/2024\/04\/Imagen-del-sitio-yoast.jpg","type":"image\/jpeg"}],"twitter_card":"summary_large_image","twitter_misc":{"Tiempo de lectura":"1 minuto"},"schema":{"@context":"https:\/\/schema.org","@graph":[{"@type":"WebPage","@id":"https:\/\/smartiersoftware.com\/testing\/cancelar-suscripcion\/","url":"https:\/\/smartiersoftware.com\/testing\/cancelar-suscripcion\/","name":"cancelar suscripcion | Smartier Software","isPartOf":{"@id":"https:\/\/smartiersoftware.com\/testing\/#website"},"datePublished":"2024-02-16T16:44:36+00:00","dateModified":"2026-02-04T18:02:17+00:00","breadcrumb":{"@id":"https:\/\/smartiersoftware.com\/testing\/cancelar-suscripcion\/#breadcrumb"},"inLanguage":"es","potentialAction":[{"@type":"ReadAction","target":["https:\/\/smartiersoftware.com\/testing\/cancelar-suscripcion\/"]}]},{"@type":"BreadcrumbList","@id":"https:\/\/smartiersoftware.com\/testing\/cancelar-suscripcion\/#breadcrumb","itemListElement":[{"@type":"ListItem","position":1,"name":"Portada","item":"https:\/\/smartiersoftware.com\/testing\/"},{"@type":"ListItem","position":2,"name":"cancelar suscripcion"}]},{"@type":"WebSite","@id":"https:\/\/smartiersoftware.com\/testing\/#website","url":"https:\/\/smartiersoftware.com\/testing\/","name":"Smartier Software","description":"Creado dentro de la industria gr\u00e1fica para estandarizar tu forma de cotizar y producir con cualquier sistema de impresi\u00f3n: impresi\u00f3n digital, gran formato, offset, flexo, serigraf\u00eda y mucho m\u00e1s.","publisher":{"@id":"https:\/\/smartiersoftware.com\/testing\/#organization"},"potentialAction":[{"@type":"SearchAction","target":{"@type":"EntryPoint","urlTemplate":"https:\/\/smartiersoftware.com\/testing\/?s={search_term_string}"},"query-input":{"@type":"PropertyValueSpecification","valueRequired":true,"valueName":"search_term_string"}}],"inLanguage":"es"},{"@type":"Organization","@id":"https:\/\/smartiersoftware.com\/testing\/#organization","name":"Smartier Software","url":"https:\/\/smartiersoftware.com\/testing\/","logo":{"@type":"ImageObject","inLanguage":"es","@id":"https:\/\/smartiersoftware.com\/testing\/#\/schema\/logo\/image\/","url":"https:\/\/smartiersoftware.com\/testing\/wp-content\/uploads\/2023\/12\/Logo-Smartier-en-blanco.svg","contentUrl":"https:\/\/smartiersoftware.com\/testing\/wp-content\/uploads\/2023\/12\/Logo-Smartier-en-blanco.svg","width":297,"height":372,"caption":"Smartier Software"},"image":{"@id":"https:\/\/smartiersoftware.com\/testing\/#\/schema\/logo\/image\/"},"sameAs":["https:\/\/www.facebook.com\/smartier.graphics","https:\/\/www.instagram.com\/smartiergraphics\/","https:\/\/www.youtube.com\/@smartiergraphics7522","https:\/\/www.linkedin.com\/showcase\/smartier-graphics\/","https:\/\/www.linkedin.com\/company\/smartier-software\/"]}]}},"_links":{"self":[{"href":"https:\/\/smartiersoftware.com\/testing\/wp-json\/wp\/v2\/pages\/8546","targetHints":{"allow":["GET"]}}],"collection":[{"href":"https:\/\/smartiersoftware.com\/testing\/wp-json\/wp\/v2\/pages"}],"about":[{"href":"https:\/\/smartiersoftware.com\/testing\/wp-json\/wp\/v2\/types\/page"}],"author":[{"embeddable":true,"href":"https:\/\/smartiersoftware.com\/testing\/wp-json\/wp\/v2\/users\/1"}],"replies":[{"embeddable":true,"href":"https:\/\/smartiersoftware.com\/testing\/wp-json\/wp\/v2\/comments?post=8546"}],"version-history":[{"count":22,"href":"https:\/\/smartiersoftware.com\/testing\/wp-json\/wp\/v2\/pages\/8546\/revisions"}],"predecessor-version":[{"id":10502,"href":"https:\/\/smartiersoftware.com\/testing\/wp-json\/wp\/v2\/pages\/8546\/revisions\/10502"}],"wp:attachment":[{"href":"https:\/\/smartiersoftware.com\/testing\/wp-json\/wp\/v2\/media?parent=8546"}],"curies":[{"name":"wp","href":"https:\/\/api.w.org\/{rel}","templated":true}]}}