{"id":7497,"date":"2024-01-23T09:01:38","date_gmt":"2024-01-23T12:01:38","guid":{"rendered":"https:\/\/smartiersoftware.com\/testing\/?page_id=7497"},"modified":"2024-02-22T11:40:26","modified_gmt":"2024-02-22T14:40:26","slug":"reunion","status":"publish","type":"page","link":"https:\/\/smartiersoftware.com\/testing\/reunion\/","title":{"rendered":"Solicita una reuni\u00f3n"},"content":{"rendered":"\t\t<div data-elementor-type=\"wp-page\" data-elementor-id=\"7497\" class=\"elementor elementor-7497\" data-elementor-post-type=\"page\">\n\t\t\t\t<div class=\"elementor-element elementor-element-31f07fe e-con-full e-flex e-con e-parent\" data-id=\"31f07fe\" data-element_type=\"container\" data-e-type=\"container\">\n\t\t\t\t<div class=\"elementor-element elementor-element-e5bd144 elementor-widget elementor-widget-html\" data-id=\"e5bd144\" data-element_type=\"widget\" data-e-type=\"widget\" data-widget_type=\"html.default\">\n\t\t\t\t<div class=\"elementor-widget-container\">\n\t\t\t\t\t<iframe frameborder=\"0\" width=\"100%\" height=\"720\" src=\"https:\/\/meet.brevo.com\/smartier\/borderless\"><\/iframe>\t\t\t\t<\/div>\n\t\t\t\t<\/div>\n\t\t\t\t<\/div>\n\t\t\t\t<\/div>\n\t\t","protected":false},"excerpt":{"rendered":"","protected":false},"author":1,"featured_media":0,"parent":0,"menu_order":0,"comment_status":"closed","ping_status":"closed","template":"elementor_header_footer","meta":{"footnotes":""},"class_list":["post-7497","page","type-page","status-publish","hentry"],"yoast_head":"<!-- This site is optimized with the Yoast SEO plugin v27.3 - https:\/\/yoast.com\/product\/yoast-seo-wordpress\/ -->\n<title>Solicita una reuni\u00f3n | Smartier Software<\/title>\n<meta name=\"robots\" content=\"noindex, follow, max-snippet:-1, max-image-preview:large, max-video-preview:-1\" \/>\n<meta property=\"og:locale\" content=\"es_ES\" \/>\n<meta property=\"og:type\" content=\"article\" \/>\n<meta property=\"og:title\" content=\"Solicita una reuni\u00f3n | Smartier Software\" \/>\n<meta property=\"og:url\" content=\"https:\/\/smartiersoftware.com\/testing\/reunion\/\" \/>\n<meta property=\"og:site_name\" content=\"Smartier Software\" \/>\n<meta property=\"article:publisher\" content=\"https:\/\/www.facebook.com\/smartier.graphics\" \/>\n<meta property=\"article:modified_time\" content=\"2024-02-22T14:40:26+00:00\" \/>\n<meta property=\"og:image\" content=\"https:\/\/smartiersoftware.com\/testing\/wp-content\/uploads\/2024\/04\/Imagen-del-sitio-yoast.jpg\" \/>\n\t<meta property=\"og:image:width\" content=\"1200\" \/>\n\t<meta property=\"og:image:height\" content=\"675\" \/>\n\t<meta property=\"og:image:type\" content=\"image\/jpeg\" \/>\n<meta name=\"twitter:card\" content=\"summary_large_image\" \/>\n<script type=\"application\/ld+json\" class=\"yoast-schema-graph\">{\"@context\":\"https:\\\/\\\/schema.org\",\"@graph\":[{\"@type\":\"WebPage\",\"@id\":\"https:\\\/\\\/smartiersoftware.com\\\/testing\\\/reunion\\\/\",\"url\":\"https:\\\/\\\/smartiersoftware.com\\\/testing\\\/reunion\\\/\",\"name\":\"Solicita una reuni\u00f3n | Smartier Software\",\"isPartOf\":{\"@id\":\"https:\\\/\\\/smartiersoftware.com\\\/testing\\\/#website\"},\"datePublished\":\"2024-01-23T12:01:38+00:00\",\"dateModified\":\"2024-02-22T14:40:26+00:00\",\"breadcrumb\":{\"@id\":\"https:\\\/\\\/smartiersoftware.com\\\/testing\\\/reunion\\\/#breadcrumb\"},\"inLanguage\":\"es\",\"potentialAction\":[{\"@type\":\"ReadAction\",\"target\":[\"https:\\\/\\\/smartiersoftware.com\\\/testing\\\/reunion\\\/\"]}]},{\"@type\":\"BreadcrumbList\",\"@id\":\"https:\\\/\\\/smartiersoftware.com\\\/testing\\\/reunion\\\/#breadcrumb\",\"itemListElement\":[{\"@type\":\"ListItem\",\"position\":1,\"name\":\"Portada\",\"item\":\"https:\\\/\\\/smartiersoftware.com\\\/testing\\\/\"},{\"@type\":\"ListItem\",\"position\":2,\"name\":\"Solicita una reuni\u00f3n\"}]},{\"@type\":\"WebSite\",\"@id\":\"https:\\\/\\\/smartiersoftware.com\\\/testing\\\/#website\",\"url\":\"https:\\\/\\\/smartiersoftware.com\\\/testing\\\/\",\"name\":\"Smartier Software\",\"description\":\"Creado dentro de la industria gr\u00e1fica para estandarizar tu forma de cotizar y producir con cualquier sistema de impresi\u00f3n: impresi\u00f3n digital, gran formato, offset, flexo, serigraf\u00eda y mucho m\u00e1s.\",\"publisher\":{\"@id\":\"https:\\\/\\\/smartiersoftware.com\\\/testing\\\/#organization\"},\"potentialAction\":[{\"@type\":\"SearchAction\",\"target\":{\"@type\":\"EntryPoint\",\"urlTemplate\":\"https:\\\/\\\/smartiersoftware.com\\\/testing\\\/?s={search_term_string}\"},\"query-input\":{\"@type\":\"PropertyValueSpecification\",\"valueRequired\":true,\"valueName\":\"search_term_string\"}}],\"inLanguage\":\"es\"},{\"@type\":\"Organization\",\"@id\":\"https:\\\/\\\/smartiersoftware.com\\\/testing\\\/#organization\",\"name\":\"Smartier Software\",\"url\":\"https:\\\/\\\/smartiersoftware.com\\\/testing\\\/\",\"logo\":{\"@type\":\"ImageObject\",\"inLanguage\":\"es\",\"@id\":\"https:\\\/\\\/smartiersoftware.com\\\/testing\\\/#\\\/schema\\\/logo\\\/image\\\/\",\"url\":\"https:\\\/\\\/smartiersoftware.com\\\/testing\\\/wp-content\\\/uploads\\\/2023\\\/12\\\/Logo-Smartier-en-blanco.svg\",\"contentUrl\":\"https:\\\/\\\/smartiersoftware.com\\\/testing\\\/wp-content\\\/uploads\\\/2023\\\/12\\\/Logo-Smartier-en-blanco.svg\",\"width\":297,\"height\":372,\"caption\":\"Smartier Software\"},\"image\":{\"@id\":\"https:\\\/\\\/smartiersoftware.com\\\/testing\\\/#\\\/schema\\\/logo\\\/image\\\/\"},\"sameAs\":[\"https:\\\/\\\/www.facebook.com\\\/smartier.graphics\",\"https:\\\/\\\/www.instagram.com\\\/smartiergraphics\\\/\",\"https:\\\/\\\/www.youtube.com\\\/@smartiergraphics7522\",\"https:\\\/\\\/www.linkedin.com\\\/showcase\\\/smartier-graphics\\\/\",\"https:\\\/\\\/www.linkedin.com\\\/company\\\/smartier-software\\\/\"]}]}<\/script>\n<!-- \/ Yoast SEO plugin. -->","yoast_head_json":{"title":"Solicita una reuni\u00f3n | Smartier Software","robots":{"index":"noindex","follow":"follow","max-snippet":"max-snippet:-1","max-image-preview":"max-image-preview:large","max-video-preview":"max-video-preview:-1"},"og_locale":"es_ES","og_type":"article","og_title":"Solicita una reuni\u00f3n | Smartier Software","og_url":"https:\/\/smartiersoftware.com\/testing\/reunion\/","og_site_name":"Smartier Software","article_publisher":"https:\/\/www.facebook.com\/smartier.graphics","article_modified_time":"2024-02-22T14:40:26+00:00","og_image":[{"width":1200,"height":675,"url":"https:\/\/smartiersoftware.com\/testing\/wp-content\/uploads\/2024\/04\/Imagen-del-sitio-yoast.jpg","type":"image\/jpeg"}],"twitter_card":"summary_large_image","schema":{"@context":"https:\/\/schema.org","@graph":[{"@type":"WebPage","@id":"https:\/\/smartiersoftware.com\/testing\/reunion\/","url":"https:\/\/smartiersoftware.com\/testing\/reunion\/","name":"Solicita una reuni\u00f3n | Smartier Software","isPartOf":{"@id":"https:\/\/smartiersoftware.com\/testing\/#website"},"datePublished":"2024-01-23T12:01:38+00:00","dateModified":"2024-02-22T14:40:26+00:00","breadcrumb":{"@id":"https:\/\/smartiersoftware.com\/testing\/reunion\/#breadcrumb"},"inLanguage":"es","potentialAction":[{"@type":"ReadAction","target":["https:\/\/smartiersoftware.com\/testing\/reunion\/"]}]},{"@type":"BreadcrumbList","@id":"https:\/\/smartiersoftware.com\/testing\/reunion\/#breadcrumb","itemListElement":[{"@type":"ListItem","position":1,"name":"Portada","item":"https:\/\/smartiersoftware.com\/testing\/"},{"@type":"ListItem","position":2,"name":"Solicita una reuni\u00f3n"}]},{"@type":"WebSite","@id":"https:\/\/smartiersoftware.com\/testing\/#website","url":"https:\/\/smartiersoftware.com\/testing\/","name":"Smartier Software","description":"Creado dentro de la industria gr\u00e1fica para estandarizar tu forma de cotizar y producir con cualquier sistema de impresi\u00f3n: impresi\u00f3n digital, gran formato, offset, flexo, serigraf\u00eda y mucho m\u00e1s.","publisher":{"@id":"https:\/\/smartiersoftware.com\/testing\/#organization"},"potentialAction":[{"@type":"SearchAction","target":{"@type":"EntryPoint","urlTemplate":"https:\/\/smartiersoftware.com\/testing\/?s={search_term_string}"},"query-input":{"@type":"PropertyValueSpecification","valueRequired":true,"valueName":"search_term_string"}}],"inLanguage":"es"},{"@type":"Organization","@id":"https:\/\/smartiersoftware.com\/testing\/#organization","name":"Smartier Software","url":"https:\/\/smartiersoftware.com\/testing\/","logo":{"@type":"ImageObject","inLanguage":"es","@id":"https:\/\/smartiersoftware.com\/testing\/#\/schema\/logo\/image\/","url":"https:\/\/smartiersoftware.com\/testing\/wp-content\/uploads\/2023\/12\/Logo-Smartier-en-blanco.svg","contentUrl":"https:\/\/smartiersoftware.com\/testing\/wp-content\/uploads\/2023\/12\/Logo-Smartier-en-blanco.svg","width":297,"height":372,"caption":"Smartier Software"},"image":{"@id":"https:\/\/smartiersoftware.com\/testing\/#\/schema\/logo\/image\/"},"sameAs":["https:\/\/www.facebook.com\/smartier.graphics","https:\/\/www.instagram.com\/smartiergraphics\/","https:\/\/www.youtube.com\/@smartiergraphics7522","https:\/\/www.linkedin.com\/showcase\/smartier-graphics\/","https:\/\/www.linkedin.com\/company\/smartier-software\/"]}]}},"_links":{"self":[{"href":"https:\/\/smartiersoftware.com\/testing\/wp-json\/wp\/v2\/pages\/7497","targetHints":{"allow":["GET"]}}],"collection":[{"href":"https:\/\/smartiersoftware.com\/testing\/wp-json\/wp\/v2\/pages"}],"about":[{"href":"https:\/\/smartiersoftware.com\/testing\/wp-json\/wp\/v2\/types\/page"}],"author":[{"embeddable":true,"href":"https:\/\/smartiersoftware.com\/testing\/wp-json\/wp\/v2\/users\/1"}],"replies":[{"embeddable":true,"href":"https:\/\/smartiersoftware.com\/testing\/wp-json\/wp\/v2\/comments?post=7497"}],"version-history":[{"count":11,"href":"https:\/\/smartiersoftware.com\/testing\/wp-json\/wp\/v2\/pages\/7497\/revisions"}],"predecessor-version":[{"id":7508,"href":"https:\/\/smartiersoftware.com\/testing\/wp-json\/wp\/v2\/pages\/7497\/revisions\/7508"}],"wp:attachment":[{"href":"https:\/\/smartiersoftware.com\/testing\/wp-json\/wp\/v2\/media?parent=7497"}],"curies":[{"name":"wp","href":"https:\/\/api.w.org\/{rel}","templated":true}]}}