{"id":5312,"date":"2023-12-18T15:01:34","date_gmt":"2023-12-18T18:01:34","guid":{"rendered":"https:\/\/smartiersoftware.com\/testing\/?page_id=5312"},"modified":"2024-01-23T18:23:51","modified_gmt":"2024-01-23T21:23:51","slug":"entrar","status":"publish","type":"page","link":"https:\/\/smartiersoftware.com\/testing\/entrar\/","title":{"rendered":"Entrar"},"content":{"rendered":"\t\t<div data-elementor-type=\"wp-page\" data-elementor-id=\"5312\" class=\"elementor elementor-5312\" data-elementor-post-type=\"page\">\n\t\t\t\t<div class=\"elementor-element elementor-element-11fed5d e-flex e-con-boxed e-con e-parent\" data-id=\"11fed5d\" data-element_type=\"container\" data-e-type=\"container\" data-settings=\"{&quot;background_background&quot;:&quot;classic&quot;}\">\n\t\t\t\t\t<div class=\"e-con-inner\">\n\t\t<div class=\"elementor-element elementor-element-7060de1 e-con-full e-flex e-con e-child\" data-id=\"7060de1\" data-element_type=\"container\" data-e-type=\"container\">\n\t\t\t\t<div class=\"elementor-element elementor-element-d6754b6 elementor-widget elementor-widget-witr_section_title\" data-id=\"d6754b6\" data-element_type=\"widget\" data-e-type=\"widget\" data-widget_type=\"witr_section_title.default\">\n\t\t\t\t<div class=\"elementor-widget-container\">\n\t\t\t\t\t\t\t\t\t\t<!-- title center -->\n\t\t\t\t\t<div class=\"witr_section_title\">\n\t\t\t\t\t\t<div class=\"witr_section_title_inner text-center\">\n\t\t\t\t\t\t\t<!-- title top -->\n\t\t\t\t\t\t\t\t\t\t\t\t\t\n\t\t\t\t\t\t\t<!-- title middle -->\n\t\t\t\t\t\t\t\t\t\t\t\t\t\t\t<h3>Acceder \n\t\t\t\t\t\t\t\t\t\t\t\t\t\t\t\t\t<\/h3>\t\t\n\t\t\t\t\t\t\t\t\t\t\t\t\t\t<!-- title bottom -->\n\t\t\t\t\t\t\t\t\t\t\t\t\t\n\t\t\t\t\t\t\t<!-- image -->\n\t\t\t\t\t\t\t\t\t\t\t\t\t\t\t<div class=\"witr_image_title\">\t\t\t\t\t\t\t\t\n\t\t\t\t\t\t\t\t\t<img decoding=\"async\" src=\"https:\/\/smartiersoftware.com\/testing\/wp-content\/uploads\/2019\/09\/title-border-3.png\" alt=\"\">\t\t\t\t\t\t\t\t\t\t\t\t\t\t\t\t\t\n\t\t\t\t\t\t\t\t<\/div>\n\t\t\t\t\t\t\t\t\t\t\t\t\t\t<!-- icon -->\n\t\t\t\t\t\t\t\t\t\t\t\t\t\t\t<div class=\"witr_icon_title\">\n\t\t\t\t\t\t\t\t\t\t\t\t\t\t\t\t<\/div>\n\t\t\t\t\t\t\t\t\t\t\t\t\n\t\t\t\t\t\t\t<!-- end icon -->\n\t\t\t\t\t\t\t<!-- content -->\n\t\t\t\t\t\t\t\t\t\t\t\t\t\t\t<p>Completa los detalles a continuaci\u00f3n <\/p>\t\t\n\t\t\t\t\t\t\t\t\t\t\t\t\t\t\n\t\t\t\t\t\t<\/div>\n\t\t\t\t\t<\/div>\n\n\t\t\t\t\t\t\t\t<\/div>\n\t\t\t\t<\/div>\n\t\t\t\t<div class=\"elementor-element elementor-element-3fdd933 fluent-form-widget-step-header-yes fluent-form-widget-step-progressbar-yes fluentform-widget-submit-button-custom elementor-widget elementor-widget-fluent-form-widget\" data-id=\"3fdd933\" data-element_type=\"widget\" data-e-type=\"widget\" data-widget_type=\"fluent-form-widget.default\">\n\t\t\t\t<div class=\"elementor-widget-container\">\n\t\t\t\t\t\n            <div class=\"fluentform-widget-wrapper fluentform-widget-align-default\">\n\n            \n            <div class='fluentform ff-default fluentform_wrapper_4 ffs_custom_wrap'><form data-form_id=\"4\" id=\"fluentform_4\" class=\"frm-fluent-form fluent_form_4 ff-el-form-top ff_form_instance_4_1 ff-form-loading ffs_custom\" data-form_instance=\"ff_form_instance_4_1\" method=\"POST\" ><fieldset  style=\"border: none!important;margin: 0!important;padding: 0!important;background-color: transparent!important;box-shadow: none!important;outline: none!important; min-inline-size: 100%;\">\n                    <legend class=\"ff_screen_reader_title\" style=\"display: block; margin: 0!important;padding: 0!important;height: 0!important;text-indent: -999999px;width: 0!important;overflow:hidden;\">Login<\/legend><input type='hidden' name='__fluent_form_embded_post_id' value='5312' \/><input type=\"hidden\" id=\"_fluentform_4_fluentformnonce\" name=\"_fluentform_4_fluentformnonce\" value=\"0f76f18088\" \/><input type=\"hidden\" name=\"_wp_http_referer\" value=\"\/testing\/wp-json\/wp\/v2\/pages\/5312\" \/><div class='ff-el-group'><div class=\"ff-el-input--label ff-el-is-required asterisk-right\"><label for='ff_4_email' id='label_ff_4_email' aria-label=\"Correo electr\u00f3nico\">Correo electr\u00f3nico<\/label><\/div><div class='ff-el-input--content'><input type=\"email\" name=\"email\" value=\"\" id=\"ff_4_email\" class=\"ff-el-form-control\" data-name=\"email\" tabindex=\"1\"  aria-invalid=\"false\" aria-required=true><\/div><\/div><div class='ff-el-group'><div class=\"ff-el-input--label ff-el-is-required asterisk-right\"><label for='ff_4_password' id='label_ff_4_password' aria-label=\"Contrase\u00f1a\">Contrase\u00f1a<\/label><\/div><div class='ff-el-input--content'><input type=\"password\" name=\"password\" id=\"ff_4_password\" class=\"ff-el-form-control\" data-name=\"password\" tabindex=\"2\"  aria-invalid=\"false\" aria-required=true><\/div><\/div><div class='ff-el-group  ff-custom_html' tabindex='-1' data-name=\"custom_html-4_1\" ><p style=\"text-align: center;font-size:13px\"><a href=\"https:\/\/smartiersoftware.com\/testing\/mi-cuenta\/lost-password\/\">Recuperar contrase\u00f1a<\/a><\/p><\/div><div class='ff-el-group ff-text-center ff_submit_btn_wrapper'><button type=\"submit\" class=\"ff-btn ff-btn-submit ff-btn-md ff_btn_style\" tabindex=\"3\"  aria-label=\"Acceder\">Acceder<\/button><\/div><\/fieldset><\/form><div id='fluentform_4_errors' class='ff-errors-in-stack ff_form_instance_4_1 ff-form-loading_errors ff_form_instance_4_1_errors'><\/div><\/div>            <script type=\"text\/javascript\">\n                window.fluent_form_ff_form_instance_4_1 = {\"id\":\"4\",\"settings\":{\"layout\":{\"labelPlacement\":\"top\",\"helpMessagePlacement\":\"with_label\",\"errorMessagePlacement\":\"inline\"},\"restrictions\":{\"denyEmptySubmission\":{\"enabled\":false}}},\"form_instance\":\"ff_form_instance_4_1\",\"form_id_selector\":\"fluentform_4\",\"rules\":{\"email\":{\"required\":{\"value\":true,\"message\":\"Este campo es obligatorio\",\"global\":false,\"global_message\":\"Este campo es necesario\"},\"email\":{\"value\":true,\"message\":\"Este campo debe contener un correo electr\\u00f3nico v\\u00e1lido\",\"global\":false,\"global_message\":\"Este campo debe contener un correo electr\\u00f3nico v\\u00e1lido\"}},\"password\":{\"required\":{\"value\":true,\"message\":\"Este campo es obligatorio\",\"global\":false,\"global_message\":\"Este campo es necesario\"}}},\"debounce_time\":300};\n                            <\/script>\n                        <\/div>\n\n            \t\t\t\t<\/div>\n\t\t\t\t<\/div>\n\t\t\t\t<div class=\"elementor-element elementor-element-673f0da elementor-widget__width-auto elementor-widget-tablet__width-auto elementor-widget-mobile__width-auto elementor-align-center elementor-widget elementor-widget-button\" data-id=\"673f0da\" data-element_type=\"widget\" data-e-type=\"widget\" data-widget_type=\"button.default\">\n\t\t\t\t<div class=\"elementor-widget-container\">\n\t\t\t\t\t\t\t\t\t<div class=\"elementor-button-wrapper\">\n\t\t\t\t\t<a class=\"elementor-button elementor-button-link elementor-size-xs\" href=\"https:\/\/smartiersoftware.com\/testing\/registro\/\">\n\t\t\t\t\t\t<span class=\"elementor-button-content-wrapper\">\n\t\t\t\t\t\t\t\t\t<span class=\"elementor-button-text\">Crear cuenta<\/span>\n\t\t\t\t\t<\/span>\n\t\t\t\t\t<\/a>\n\t\t\t\t<\/div>\n\t\t\t\t\t\t\t\t<\/div>\n\t\t\t\t<\/div>\n\t\t\t\t<\/div>\n\t\t\t\t\t<\/div>\n\t\t\t\t<\/div>\n\t\t\t\t<\/div>\n\t\t","protected":false},"excerpt":{"rendered":"<p>Acceder Completa los detalles a continuaci\u00f3n Login Correo electr\u00f3nicoContrase\u00f1a Recuperar contrase\u00f1a Acceder Crear cuenta<\/p>\n","protected":false},"author":1,"featured_media":0,"parent":0,"menu_order":0,"comment_status":"closed","ping_status":"closed","template":"elementor_header_footer","meta":{"footnotes":""},"class_list":["post-5312","page","type-page","status-publish","hentry"],"yoast_head":"<!-- This site is optimized with the Yoast SEO plugin v27.3 - https:\/\/yoast.com\/product\/yoast-seo-wordpress\/ -->\n<title>Entrar | Smartier Software<\/title>\n<meta name=\"robots\" content=\"noindex, follow, max-snippet:-1, max-image-preview:large, max-video-preview:-1\" \/>\n<meta property=\"og:locale\" content=\"es_ES\" \/>\n<meta property=\"og:type\" content=\"article\" \/>\n<meta property=\"og:title\" content=\"Entrar | Smartier Software\" \/>\n<meta property=\"og:description\" content=\"Acceder Completa los detalles a continuaci\u00f3n Login Correo electr\u00f3nicoContrase\u00f1a Recuperar contrase\u00f1a Acceder Crear cuenta\" \/>\n<meta property=\"og:url\" content=\"https:\/\/smartiersoftware.com\/testing\/entrar\/\" \/>\n<meta property=\"og:site_name\" content=\"Smartier Software\" \/>\n<meta property=\"article:publisher\" content=\"https:\/\/www.facebook.com\/smartier.graphics\" \/>\n<meta property=\"article:modified_time\" content=\"2024-01-23T21:23:51+00:00\" \/>\n<meta property=\"og:image\" content=\"https:\/\/smartiersoftware.com\/testing\/wp-content\/uploads\/2019\/09\/title-border-3.png\" \/>\n<meta name=\"twitter:card\" content=\"summary_large_image\" \/>\n<meta name=\"twitter:label1\" content=\"Tiempo de lectura\" \/>\n\t<meta name=\"twitter:data1\" content=\"1 minuto\" \/>\n<script type=\"application\/ld+json\" class=\"yoast-schema-graph\">{\"@context\":\"https:\\\/\\\/schema.org\",\"@graph\":[{\"@type\":\"WebPage\",\"@id\":\"https:\\\/\\\/smartiersoftware.com\\\/testing\\\/entrar\\\/\",\"url\":\"https:\\\/\\\/smartiersoftware.com\\\/testing\\\/entrar\\\/\",\"name\":\"Entrar | Smartier Software\",\"isPartOf\":{\"@id\":\"https:\\\/\\\/smartiersoftware.com\\\/testing\\\/#website\"},\"primaryImageOfPage\":{\"@id\":\"https:\\\/\\\/smartiersoftware.com\\\/testing\\\/entrar\\\/#primaryimage\"},\"image\":{\"@id\":\"https:\\\/\\\/smartiersoftware.com\\\/testing\\\/entrar\\\/#primaryimage\"},\"thumbnailUrl\":\"https:\\\/\\\/smartiersoftware.com\\\/testing\\\/wp-content\\\/uploads\\\/2019\\\/09\\\/title-border-3.png\",\"datePublished\":\"2023-12-18T18:01:34+00:00\",\"dateModified\":\"2024-01-23T21:23:51+00:00\",\"breadcrumb\":{\"@id\":\"https:\\\/\\\/smartiersoftware.com\\\/testing\\\/entrar\\\/#breadcrumb\"},\"inLanguage\":\"es\",\"potentialAction\":[{\"@type\":\"ReadAction\",\"target\":[\"https:\\\/\\\/smartiersoftware.com\\\/testing\\\/entrar\\\/\"]}]},{\"@type\":\"ImageObject\",\"inLanguage\":\"es\",\"@id\":\"https:\\\/\\\/smartiersoftware.com\\\/testing\\\/entrar\\\/#primaryimage\",\"url\":\"https:\\\/\\\/smartiersoftware.com\\\/testing\\\/wp-content\\\/uploads\\\/2019\\\/09\\\/title-border-3.png\",\"contentUrl\":\"https:\\\/\\\/smartiersoftware.com\\\/testing\\\/wp-content\\\/uploads\\\/2019\\\/09\\\/title-border-3.png\",\"width\":117,\"height\":3},{\"@type\":\"BreadcrumbList\",\"@id\":\"https:\\\/\\\/smartiersoftware.com\\\/testing\\\/entrar\\\/#breadcrumb\",\"itemListElement\":[{\"@type\":\"ListItem\",\"position\":1,\"name\":\"Portada\",\"item\":\"https:\\\/\\\/smartiersoftware.com\\\/testing\\\/\"},{\"@type\":\"ListItem\",\"position\":2,\"name\":\"Entrar\"}]},{\"@type\":\"WebSite\",\"@id\":\"https:\\\/\\\/smartiersoftware.com\\\/testing\\\/#website\",\"url\":\"https:\\\/\\\/smartiersoftware.com\\\/testing\\\/\",\"name\":\"Smartier Software\",\"description\":\"Creado dentro de la industria gr\u00e1fica para estandarizar tu forma de cotizar y producir con cualquier sistema de impresi\u00f3n: impresi\u00f3n digital, gran formato, offset, flexo, serigraf\u00eda y mucho m\u00e1s.\",\"publisher\":{\"@id\":\"https:\\\/\\\/smartiersoftware.com\\\/testing\\\/#organization\"},\"potentialAction\":[{\"@type\":\"SearchAction\",\"target\":{\"@type\":\"EntryPoint\",\"urlTemplate\":\"https:\\\/\\\/smartiersoftware.com\\\/testing\\\/?s={search_term_string}\"},\"query-input\":{\"@type\":\"PropertyValueSpecification\",\"valueRequired\":true,\"valueName\":\"search_term_string\"}}],\"inLanguage\":\"es\"},{\"@type\":\"Organization\",\"@id\":\"https:\\\/\\\/smartiersoftware.com\\\/testing\\\/#organization\",\"name\":\"Smartier Software\",\"url\":\"https:\\\/\\\/smartiersoftware.com\\\/testing\\\/\",\"logo\":{\"@type\":\"ImageObject\",\"inLanguage\":\"es\",\"@id\":\"https:\\\/\\\/smartiersoftware.com\\\/testing\\\/#\\\/schema\\\/logo\\\/image\\\/\",\"url\":\"https:\\\/\\\/smartiersoftware.com\\\/testing\\\/wp-content\\\/uploads\\\/2023\\\/12\\\/Logo-Smartier-en-blanco.svg\",\"contentUrl\":\"https:\\\/\\\/smartiersoftware.com\\\/testing\\\/wp-content\\\/uploads\\\/2023\\\/12\\\/Logo-Smartier-en-blanco.svg\",\"width\":297,\"height\":372,\"caption\":\"Smartier Software\"},\"image\":{\"@id\":\"https:\\\/\\\/smartiersoftware.com\\\/testing\\\/#\\\/schema\\\/logo\\\/image\\\/\"},\"sameAs\":[\"https:\\\/\\\/www.facebook.com\\\/smartier.graphics\",\"https:\\\/\\\/www.instagram.com\\\/smartiergraphics\\\/\",\"https:\\\/\\\/www.youtube.com\\\/@smartiergraphics7522\",\"https:\\\/\\\/www.linkedin.com\\\/showcase\\\/smartier-graphics\\\/\",\"https:\\\/\\\/www.linkedin.com\\\/company\\\/smartier-software\\\/\"]}]}<\/script>\n<!-- \/ Yoast SEO plugin. -->","yoast_head_json":{"title":"Entrar | Smartier Software","robots":{"index":"noindex","follow":"follow","max-snippet":"max-snippet:-1","max-image-preview":"max-image-preview:large","max-video-preview":"max-video-preview:-1"},"og_locale":"es_ES","og_type":"article","og_title":"Entrar | Smartier Software","og_description":"Acceder Completa los detalles a continuaci\u00f3n Login Correo electr\u00f3nicoContrase\u00f1a Recuperar contrase\u00f1a Acceder Crear cuenta","og_url":"https:\/\/smartiersoftware.com\/testing\/entrar\/","og_site_name":"Smartier Software","article_publisher":"https:\/\/www.facebook.com\/smartier.graphics","article_modified_time":"2024-01-23T21:23:51+00:00","og_image":[{"url":"https:\/\/smartiersoftware.com\/testing\/wp-content\/uploads\/2019\/09\/title-border-3.png","type":"","width":"","height":""}],"twitter_card":"summary_large_image","twitter_misc":{"Tiempo de lectura":"1 minuto"},"schema":{"@context":"https:\/\/schema.org","@graph":[{"@type":"WebPage","@id":"https:\/\/smartiersoftware.com\/testing\/entrar\/","url":"https:\/\/smartiersoftware.com\/testing\/entrar\/","name":"Entrar | Smartier Software","isPartOf":{"@id":"https:\/\/smartiersoftware.com\/testing\/#website"},"primaryImageOfPage":{"@id":"https:\/\/smartiersoftware.com\/testing\/entrar\/#primaryimage"},"image":{"@id":"https:\/\/smartiersoftware.com\/testing\/entrar\/#primaryimage"},"thumbnailUrl":"https:\/\/smartiersoftware.com\/testing\/wp-content\/uploads\/2019\/09\/title-border-3.png","datePublished":"2023-12-18T18:01:34+00:00","dateModified":"2024-01-23T21:23:51+00:00","breadcrumb":{"@id":"https:\/\/smartiersoftware.com\/testing\/entrar\/#breadcrumb"},"inLanguage":"es","potentialAction":[{"@type":"ReadAction","target":["https:\/\/smartiersoftware.com\/testing\/entrar\/"]}]},{"@type":"ImageObject","inLanguage":"es","@id":"https:\/\/smartiersoftware.com\/testing\/entrar\/#primaryimage","url":"https:\/\/smartiersoftware.com\/testing\/wp-content\/uploads\/2019\/09\/title-border-3.png","contentUrl":"https:\/\/smartiersoftware.com\/testing\/wp-content\/uploads\/2019\/09\/title-border-3.png","width":117,"height":3},{"@type":"BreadcrumbList","@id":"https:\/\/smartiersoftware.com\/testing\/entrar\/#breadcrumb","itemListElement":[{"@type":"ListItem","position":1,"name":"Portada","item":"https:\/\/smartiersoftware.com\/testing\/"},{"@type":"ListItem","position":2,"name":"Entrar"}]},{"@type":"WebSite","@id":"https:\/\/smartiersoftware.com\/testing\/#website","url":"https:\/\/smartiersoftware.com\/testing\/","name":"Smartier Software","description":"Creado dentro de la industria gr\u00e1fica para estandarizar tu forma de cotizar y producir con cualquier sistema de impresi\u00f3n: impresi\u00f3n digital, gran formato, offset, flexo, serigraf\u00eda y mucho m\u00e1s.","publisher":{"@id":"https:\/\/smartiersoftware.com\/testing\/#organization"},"potentialAction":[{"@type":"SearchAction","target":{"@type":"EntryPoint","urlTemplate":"https:\/\/smartiersoftware.com\/testing\/?s={search_term_string}"},"query-input":{"@type":"PropertyValueSpecification","valueRequired":true,"valueName":"search_term_string"}}],"inLanguage":"es"},{"@type":"Organization","@id":"https:\/\/smartiersoftware.com\/testing\/#organization","name":"Smartier Software","url":"https:\/\/smartiersoftware.com\/testing\/","logo":{"@type":"ImageObject","inLanguage":"es","@id":"https:\/\/smartiersoftware.com\/testing\/#\/schema\/logo\/image\/","url":"https:\/\/smartiersoftware.com\/testing\/wp-content\/uploads\/2023\/12\/Logo-Smartier-en-blanco.svg","contentUrl":"https:\/\/smartiersoftware.com\/testing\/wp-content\/uploads\/2023\/12\/Logo-Smartier-en-blanco.svg","width":297,"height":372,"caption":"Smartier Software"},"image":{"@id":"https:\/\/smartiersoftware.com\/testing\/#\/schema\/logo\/image\/"},"sameAs":["https:\/\/www.facebook.com\/smartier.graphics","https:\/\/www.instagram.com\/smartiergraphics\/","https:\/\/www.youtube.com\/@smartiergraphics7522","https:\/\/www.linkedin.com\/showcase\/smartier-graphics\/","https:\/\/www.linkedin.com\/company\/smartier-software\/"]}]}},"_links":{"self":[{"href":"https:\/\/smartiersoftware.com\/testing\/wp-json\/wp\/v2\/pages\/5312","targetHints":{"allow":["GET"]}}],"collection":[{"href":"https:\/\/smartiersoftware.com\/testing\/wp-json\/wp\/v2\/pages"}],"about":[{"href":"https:\/\/smartiersoftware.com\/testing\/wp-json\/wp\/v2\/types\/page"}],"author":[{"embeddable":true,"href":"https:\/\/smartiersoftware.com\/testing\/wp-json\/wp\/v2\/users\/1"}],"replies":[{"embeddable":true,"href":"https:\/\/smartiersoftware.com\/testing\/wp-json\/wp\/v2\/comments?post=5312"}],"version-history":[{"count":202,"href":"https:\/\/smartiersoftware.com\/testing\/wp-json\/wp\/v2\/pages\/5312\/revisions"}],"predecessor-version":[{"id":7757,"href":"https:\/\/smartiersoftware.com\/testing\/wp-json\/wp\/v2\/pages\/5312\/revisions\/7757"}],"wp:attachment":[{"href":"https:\/\/smartiersoftware.com\/testing\/wp-json\/wp\/v2\/media?parent=5312"}],"curies":[{"name":"wp","href":"https:\/\/api.w.org\/{rel}","templated":true}]}}